{"id":133,"date":"2021-06-04T12:00:59","date_gmt":"2021-06-04T12:00:59","guid":{"rendered":"http:\/\/chev.local\/mentions-legales\/"},"modified":"2023-05-24T10:14:13","modified_gmt":"2023-05-24T08:14:13","slug":"mentions-legales","status":"publish","type":"page","link":"https:\/\/girlscup.chev.lu\/en\/mentions-legales\/","title":{"rendered":"Mentions l\u00e9gales"},"content":{"rendered":"<div class=\"row\">\r\n<div class=\"col-md-6 col-sm-12\">\r\n<h2><strong>PROPRI\u00c9TAIRE DU SITE \/ R\u00c9DACTEUR EN CHEF<\/strong><\/h2>\r\n<p>CHEV Handball Diekirch<br \/>BP106<br \/>L-9202 Diekirch<\/p>\r\n<p>office@chev.lu<\/p>\r\n<\/div>\r\n<div class=\"col-md-6 col-sm-12\">\r\n<h2><strong>WEBDESIGN<\/strong><\/h2>\r\n<p>SAN S.\u00e0r.l. \u2013 Agence de communication<br \/>9, Kapellestrooss<br \/>L-9780 Wincrange<br \/>Luxembourg<\/p>\r\n<p>T\u00e9l.: +352\/ 28 11 42-1<\/p>\r\n<p><a href=\"http:\/\/www.san.lu\">www.san.lu<\/a><\/p>\r\n<p>VAT ID: LU23210683<\/p>\r\n<\/div>\r\n<div class=\"col-md-6 col-sm-12\">\r\n<h2><strong>PRODUCTION<\/strong><\/h2>\r\n<p>Digital Vision S.\u00e0r.l. \u2013 Services informatiques<br \/>Am Hock, 4<br \/>L-9991 Weiswampach<\/p>\r\n<p>T\u00e9l.:\u00a0 +352 206 011 02<\/p>\r\n<p>www.digitalvision.lu<\/p>\r\n<p>VAT ID: LU31296945<\/p>\r\n<\/div>\r\n<div class=\"col-md-6 col-sm-12\">\r\n<h2><strong>WEB HOSTING \/ DATACENTER<\/strong><\/h2>\r\n<p><strong>HostPress GmbH<\/strong><br \/>Bahnhofstr. 34,<br \/>66571 Eppelborn<\/p>\r\n<p>Allemagne<\/p>\r\n<\/div>\r\n<\/div>\r\n<h2>Conditions d\u2019utilisation<\/h2>\r\n<!-- \/wp:heading -->\r\n\r\n<!-- wp:paragraph -->\r\n<p><strong>Conditions d\u2019acc\u00e8s au site<\/strong><br \/>Toute personne (ci-apr\u00e8s \u00ab\u00a0l\u2019utilisateur\u00a0\u00bb) acc\u00e9dant au pr\u00e9sent site (ci-apr\u00e8s \u00ab\u00a0le site\u00a0\u00bb) est pr\u00e9sum\u00e9e avoir accept\u00e9 de fa\u00e7on inconditionnelle l\u2019ensemble des dispositions et des conditions d\u2019utilisation du site. Le site est accessible \u00e0 tout moment partout dans le monde. L\u2019utilisateur qui s\u2019y connecte porte seul la responsabilit\u00e9 de se conformer au respect des l\u00e9gislations et\/ou r\u00e9glementations en vigueur dans le pays o\u00f9 il r\u00e9side ou de celui d\u2019o\u00f9 il se connecte au site.<\/p>\r\n<!-- \/wp:paragraph -->\r\n\r\n<!-- wp:paragraph -->\r\n<p><strong>Modification des pr\u00e9sentes conditions d\u2019utilisation, comp\u00e9tence et droit applicable<\/strong><br \/>Les pr\u00e9sentes conditions d\u2019utilisation peuvent \u00eatre modifi\u00e9es par l\u2019\u00e9diteur \u00e0 tout moment. Les conditions d\u2019utilisation applicables \u00e0 toute utilisation du site sont celles disponibles et publi\u00e9es sur le site au moment de sa consultation par l\u2019utilisateur. La nullit\u00e9 ou non-validit\u00e9 d\u2019une disposition des pr\u00e9sentes conditions d\u2019utilisation ne porte pas pr\u00e9judice \u00e0 la validit\u00e9 des autres dispositions des pr\u00e9sentes conditions.<\/p>\r\n<!-- \/wp:paragraph -->\r\n\r\n<!-- wp:heading -->\r\n<h2>Respect de la vie priv\u00e9e et protection de donn\u00e9es<\/h2>\r\n<!-- \/wp:heading -->\r\n\r\n<!-- wp:paragraph -->\r\n<p><strong>Traitement des donn\u00e9es personnelles<\/strong><br \/>Des donn\u00e9es \u00e0 caract\u00e8re personnel ne pourront \u00eatre recueillies et trait\u00e9es que conform\u00e9ment aux r\u00e8gles relatives aux lois sur la protection des donn\u00e9es.<br \/>Dans certains cas, notamment lorsque l\u2019utilisateur remplit un formulaire sur le site et le renvoie, il est possible que certaines donn\u00e9es personnelles soient enregistr\u00e9es sur le serveur. Ces informations sont consid\u00e9r\u00e9es comme confidentielles et trait\u00e9es en tant que telles, elles ne seront donc jamais vendues ou transmises \u00e0 des tiers sans son approbation pr\u00e9alable.<br \/>Si le site dispose d\u2019une newsletter, l\u2019utilisateur peut s\u2019y inscrire pour recevoir r\u00e9guli\u00e8rement des informations par e-mail. Dans ce cas, l\u2019\u00e9diteur a besoin d\u2019une adresse e-mail valide que l\u2019utilisateur qui s\u2019inscrit \u00e0 la newsletter accepte de communiquer via le formulaire ad hoc. L\u2019utilisateur confirme \u00eatre le propri\u00e9taire de ladite adresse e-mail ainsi communiqu\u00e9e et marque son accord pour recevoir les diff\u00e9rents e-mails envoy\u00e9s par le site et\/ou l\u2019\u00e9diteur. L\u2019utilisateur a le droit de se d\u00e9sinscrire \u00e0 tout moment.<br \/>L\u2019utilisateur a le droit de consulter ses donn\u00e9es personnelles afin de v\u00e9rifier leur exactitude et de faire corriger toutes \u00e9ventuelles erreurs en adressant une demande par courrier recommand\u00e9 \u00e0 l\u2019\u00e9diteur du site dont les coordonn\u00e9es figurent ci-dessus.<\/p>\r\n<!-- \/wp:paragraph -->\r\n\r\n<!-- wp:paragraph -->\r\n<p><strong>M\u00e9dias<\/strong><br \/>Si vous \u00eates un utilisateur ou une utilisatrice enregistr\u00e9\u00b7e et que vous t\u00e9l\u00e9versez des images sur le site web, nous vous conseillons d\u2019\u00e9viter de t\u00e9l\u00e9verser des images contenant des donn\u00e9es EXIF de coordonn\u00e9es GPS. Les visiteurs de votre site web peuvent t\u00e9l\u00e9charger et extraire des donn\u00e9es de localisation depuis ces images.<\/p>\r\n<!-- \/wp:paragraph -->\r\n\r\n<!-- wp:paragraph -->\r\n<p><strong>Formulaires de contact<\/strong><br \/>Quand vous envoyez un message sur notre site web, les donn\u00e9es inscrites dans le formulaire de contact sont collect\u00e9es pour nous permettre de r\u00e9pondre \u00e0 votre demande. Il vous sera propos\u00e9 de renseigner votre nom, adresse de messagerie et votre num\u00e9ro de t\u00e9l\u00e9phone. Nous n\u2019utilisons les donn\u00e9es uniquement dans le but de r\u00e9pondre \u00e0 votre demande et conform\u00e9ment \u00e0 notre politique de confidentialit\u00e9, vos donn\u00e9es sont trait\u00e9es de mani\u00e8re confidentielle.<\/p>\r\n<!-- \/wp:paragraph -->\r\n\r\n<!-- wp:paragraph -->\r\n<p><strong>Contenu embarqu\u00e9 depuis d\u2019autres sites<\/strong><br \/>Les articles de ce site peuvent inclure des contenus int\u00e9gr\u00e9s (par exemple des vid\u00e9os, images, articles\u2026). Le contenu int\u00e9gr\u00e9 depuis d\u2019autres sites se comporte de la m\u00eame mani\u00e8re que si le visiteur se rendait sur cet autre site. Ces sites web pourraient collecter des donn\u00e9es sur vous, utiliser des cookies, embarquer des outils de suivis tiers, suivre vos interactions avec ces contenus embarqu\u00e9s si vous disposez d\u2019un compte connect\u00e9 sur leur site web.<\/p>\r\n<!-- \/wp:paragraph -->\r\n\r\n<!-- wp:paragraph -->\r\n<p><strong>Utilisation des cookies<\/strong><br \/>Ce site Internet utilise des cookies.<br \/>Comme la majorit\u00e9 des sites, celui-ci utilise des cookies. Les cookies sont des petits fichiers textes inoffensifs qui n\u2019affectent en aucun cas votre vie priv\u00e9e ni la s\u00e9curit\u00e9 de votre ordinateur.<br \/>Les cookies augmentent le confort de l\u2019utilisateur sur le site et permettent \u00e0 l\u2019\u00e9diteur d\u2019obtenir des statistiques anonymes sur la fr\u00e9quentation du site.<br \/>Pour savoir comment interdire ou supprimer les cookies sur votre ordinateur, reportez-vous \u00e0 la documentation de votre navigateur.<br \/>L\u2019\u00e9diteur informe l\u2019utilisateur que le site fait usage de cookies pour augmenter le confort d\u2019utilisation du site, en augmentant la performance et d\u2019\u00e9tablir les statistiques de fr\u00e9quentation.<br \/>Comme le site ne peut fonctionner sans utiliser ces cookies, nous invitons tout utilisateur en d\u00e9saccord avec leur utilisation d\u2019abandonner imm\u00e9diatement leur session de navigation sur le site.<br \/>Nous vous donnons la possibilit\u00e9 de d\u00e9sactiver les cookies d\u00e9pos\u00e9s par le site internet et\/ou par les services tiers: Gestion des cookies.<\/p>\r\n<!-- \/wp:paragraph -->\r\n\r\n<!-- wp:paragraph -->\r\n<p><strong>Utilisation de Google Analytics<\/strong><br \/>Ce site utilise Google Analytics, un service d\u2019analyse de site internet fourni par Google Inc. (\u00ab Google \u00bb). Google Analytics utilise des cookies, qui sont des fichiers texte plac\u00e9s sur votre ordinateur, pour aider le site internet \u00e0 analyser l\u2019utilisation du site par ses utilisateurs. Les informations g\u00e9n\u00e9r\u00e9es relatives \u00e0 votre utilisation du site sont en r\u00e8gle g\u00e9n\u00e9rale transmises et stock\u00e9es sur un serveur Google situ\u00e9 aux \u00c9tats-Unis. Par l\u2019activation de l\u2019anonymisation de l\u2019IP sur ce site, l\u2019adresse IP est abr\u00e9g\u00e9e avant la transmission dans les \u00c9tats membres de l\u2019Union europ\u00e9enne ou de l\u2019Espace \u00e9conomique europ\u00e9en. L\u2019adresse IP compl\u00e8te n\u2019est transmise que dans des cas exceptionnels \u00e0 un serveur de Google aux \u00c9tats-Unis o\u00f9 elle sera alors abr\u00e9g\u00e9e.<br \/>L\u2019adresse IP anonym\u00e9e transmise par votre navigateur dans le cadre du service Google Analytics n\u2019est pas recoup\u00e9e avec d\u2019autres donn\u00e9es d\u00e9tenues par Google. Gestion des cookies<br \/>Vous pouvez emp\u00eacher la saisie et le traitement par Google des donn\u00e9es g\u00e9n\u00e9r\u00e9es par le cookie concernant votre utilisation du site (y compris votre adresse IP) en t\u00e9l\u00e9chargeant et en installant le plugin disponible sous le lien suivant: http:\/\/tools.google.com\/dlpage\/gaoptout?hl=fr<br \/>Au lieu d\u2019installer le plugin, vous pouvez cliquer sur ce lien afin d\u2019emp\u00eacher, \u00e0 l\u2019avenir, la saisie sur ce site par Google Analytics. Un cookie d\u2019opt-out sera alors d\u00e9pos\u00e9 sur votre appareil. Si vous supprimez les cookies, vous devrez \u00e0 nouveau cliquer sur ce lien.<\/p>\r\n<!-- \/wp:paragraph -->\r\n\r\n<!-- wp:paragraph -->\r\n<p><strong>Transmission s\u00e9curis\u00e9e des donn\u00e9es<\/strong><br \/>Nous transmettons vos donn\u00e9es personnelles en les cryptant. Ceci s\u2019applique \u00e9galement \u00e0 votre commande et \u00e0 votre connexion client. \u00c0 cette fin, nous utilisons le syst\u00e8me de codage TLS (Transport Layer Security) ou SSL (Secure Socket Layer).<br \/>En outre, nous s\u00e9curisons notre site et autres syst\u00e8mes \u00e0 l\u2019aide de mesures techniques et organisationnelles contre la perte, la destruction, l\u2019acc\u00e8s, la modification ou la diffusion de vos donn\u00e9es par toute personne non autoris\u00e9e.<\/p>\r\n<!-- \/wp:paragraph -->\r\n\r\n<!-- wp:heading -->\r\n<h2>Utilisation et transmission de vos donn\u00e9es personnelles<\/h2>\r\n<!-- \/wp:heading -->\r\n\r\n<!-- wp:paragraph -->\r\n<p><strong>Dur\u00e9es de stockage de vos donn\u00e9es<\/strong><br \/>Si vous laissez un commentaire (si cela est possible), le commentaire et ses m\u00e9tadonn\u00e9es sont conserv\u00e9s ind\u00e9finiment. Cela permet de reconna\u00eetre et approuver automatiquement les commentaires suivants au lieu de les laisser dans la file de mod\u00e9ration.<br \/>Si vous nous contactez via un formulaire de contact, ses m\u00e9tadonn\u00e9es sont conserv\u00e9s ind\u00e9finiment de mani\u00e8re priv\u00e9e et s\u00e9curis\u00e9e. Votre message nous est transmis sur notre bo\u00eete mail qui dont seuls les membres du personnel ont acc\u00e8s.<br \/>Pour les utilisateurs et utilisatrices qui s\u2019enregistrent sur notre site (si cela est possible), nous stockons \u00e9galement les donn\u00e9es personnelles indiqu\u00e9es dans leur profil. Tous les utilisateurs et utilisatrices peuvent voir, modifier ou supprimer leurs informations personnelles \u00e0 tout moment (\u00e0 l\u2019exception de leur nom d\u2019utilisateur\u00b7ice). Les gestionnaires du site peuvent aussi voir et modifier ces informations.<\/p>\r\n<!-- \/wp:paragraph -->\r\n\r\n<!-- wp:paragraph -->\r\n<p><strong>Les droits que vous avez sur vos donn\u00e9es<\/strong><br \/>Si vous avez un compte ou si vous avez laiss\u00e9 des commentaires sur le site, vous pouvez demander \u00e0 recevoir un fichier contenant toutes les donn\u00e9es personnelles que nous poss\u00e9dons \u00e0 votre sujet, incluant celles que vous nous avez fournies. Vous pouvez \u00e9galement demander la suppression des donn\u00e9es personnelles vous concernant. Cela ne prend pas en compte les donn\u00e9es stock\u00e9es \u00e0 des fins administratives, l\u00e9gales ou pour des raisons de s\u00e9curit\u00e9.<\/p>\r\n<!-- \/wp:paragraph -->\r\n\r\n<!-- wp:paragraph -->\r\n<p><strong>Transmission de vos donn\u00e9es personnelles<\/strong><br \/>Les commentaires des visiteurs peuvent \u00eatre v\u00e9rifi\u00e9s \u00e0 l\u2019aide d\u2019un service automatis\u00e9 de d\u00e9tection des commentaires ind\u00e9sirables.<\/p>\r\n<!-- \/wp:paragraph -->","protected":false},"excerpt":{"rendered":"<p>PROPRI\u00c9TAIRE DU SITE \/ R\u00c9DACTEUR EN CHEF CHEV Handball DiekirchBP106L-9202 Diekirch office@chev.lu WEBDESIGN SAN S.\u00e0r.l. \u2013 Agence de communication9, KapellestroossL-9780 WincrangeLuxembourg T\u00e9l.: +352\/ 28 11 42-1 www.san.lu VAT ID: LU23210683 PRODUCTION Digital Vision S.\u00e0r.l. \u2013 Services informatiquesAm Hock, 4L-9991 Weiswampach T\u00e9l.:\u00a0 +352 206 011 02 www.digitalvision.lu VAT ID: LU31296945 WEB HOSTING \/ DATACENTER HostPress GmbHBahnhofstr. [&hellip;]<\/p>\n","protected":false},"author":1,"featured_media":11350,"parent":0,"menu_order":0,"comment_status":"closed","ping_status":"closed","template":"","meta":{"footnotes":""},"acf":[],"yoast_head":"<!-- This site is optimized with the Yoast SEO plugin v22.6 - https:\/\/yoast.com\/wordpress\/plugins\/seo\/ -->\n<title>Mentions l\u00e9gales - Girls&#039; Cup - CHEV Handball Diekirch<\/title>\n<meta name=\"robots\" content=\"index, follow, max-snippet:-1, max-image-preview:large, max-video-preview:-1\" \/>\n<link rel=\"canonical\" href=\"https:\/\/girlscup.chev.lu\/en\/mentions-legales\/\" \/>\n<meta property=\"og:locale\" content=\"en_US\" \/>\n<meta property=\"og:type\" content=\"article\" \/>\n<meta property=\"og:title\" content=\"Mentions l\u00e9gales - Girls&#039; Cup - CHEV Handball Diekirch\" \/>\n<meta property=\"og:description\" content=\"PROPRI\u00c9TAIRE DU SITE \/ R\u00c9DACTEUR EN CHEF CHEV Handball DiekirchBP106L-9202 Diekirch office@chev.lu WEBDESIGN SAN S.\u00e0r.l. \u2013 Agence de communication9, KapellestroossL-9780 WincrangeLuxembourg T\u00e9l.: +352\/ 28 11 42-1 www.san.lu VAT ID: LU23210683 PRODUCTION Digital Vision S.\u00e0r.l. \u2013 Services informatiquesAm Hock, 4L-9991 Weiswampach T\u00e9l.:\u00a0 +352 206 011 02 www.digitalvision.lu VAT ID: LU31296945 WEB HOSTING \/ DATACENTER HostPress GmbHBahnhofstr. [&hellip;]\" \/>\n<meta property=\"og:url\" content=\"https:\/\/girlscup.chev.lu\/en\/mentions-legales\/\" \/>\n<meta property=\"og:site_name\" content=\"Girls&#039; Cup - CHEV Handball Diekirch\" \/>\n<meta property=\"article:modified_time\" content=\"2023-05-24T08:14:13+00:00\" \/>\n<meta name=\"twitter:card\" content=\"summary_large_image\" \/>\n<meta name=\"twitter:label1\" content=\"Est. reading time\" \/>\n\t<meta name=\"twitter:data1\" content=\"6 minutes\" \/>\n<script type=\"application\/ld+json\" class=\"yoast-schema-graph\">{\"@context\":\"https:\/\/schema.org\",\"@graph\":[{\"@type\":\"WebPage\",\"@id\":\"https:\/\/girlscup.chev.lu\/en\/mentions-legales\/\",\"url\":\"https:\/\/girlscup.chev.lu\/en\/mentions-legales\/\",\"name\":\"Mentions l\u00e9gales - Girls&#039; Cup - CHEV Handball Diekirch\",\"isPartOf\":{\"@id\":\"https:\/\/girlscup.chev.lu\/#website\"},\"primaryImageOfPage\":{\"@id\":\"https:\/\/girlscup.chev.lu\/en\/mentions-legales\/#primaryimage\"},\"image\":{\"@id\":\"https:\/\/girlscup.chev.lu\/en\/mentions-legales\/#primaryimage\"},\"thumbnailUrl\":\"\",\"datePublished\":\"2021-06-04T12:00:59+00:00\",\"dateModified\":\"2023-05-24T08:14:13+00:00\",\"breadcrumb\":{\"@id\":\"https:\/\/girlscup.chev.lu\/en\/mentions-legales\/#breadcrumb\"},\"inLanguage\":\"en-US\",\"potentialAction\":[{\"@type\":\"ReadAction\",\"target\":[\"https:\/\/girlscup.chev.lu\/en\/mentions-legales\/\"]}]},{\"@type\":\"ImageObject\",\"inLanguage\":\"en-US\",\"@id\":\"https:\/\/girlscup.chev.lu\/en\/mentions-legales\/#primaryimage\",\"url\":\"\",\"contentUrl\":\"\"},{\"@type\":\"BreadcrumbList\",\"@id\":\"https:\/\/girlscup.chev.lu\/en\/mentions-legales\/#breadcrumb\",\"itemListElement\":[{\"@type\":\"ListItem\",\"position\":1,\"name\":\"Home\",\"item\":\"https:\/\/girlscup.chev.lu\/en\/\"},{\"@type\":\"ListItem\",\"position\":2,\"name\":\"Mentions l\u00e9gales\"}]},{\"@type\":\"WebSite\",\"@id\":\"https:\/\/girlscup.chev.lu\/#website\",\"url\":\"https:\/\/girlscup.chev.lu\/\",\"name\":\"Girls&#039; Cup - CHEV Handball Diekirch\",\"description\":\"Just another WordPress site\",\"potentialAction\":[{\"@type\":\"SearchAction\",\"target\":{\"@type\":\"EntryPoint\",\"urlTemplate\":\"https:\/\/girlscup.chev.lu\/?s={search_term_string}\"},\"query-input\":\"required name=search_term_string\"}],\"inLanguage\":\"en-US\"}]}<\/script>\n<!-- \/ Yoast SEO plugin. -->","yoast_head_json":{"title":"Mentions l\u00e9gales - Girls&#039; Cup - CHEV Handball Diekirch","robots":{"index":"index","follow":"follow","max-snippet":"max-snippet:-1","max-image-preview":"max-image-preview:large","max-video-preview":"max-video-preview:-1"},"canonical":"https:\/\/girlscup.chev.lu\/en\/mentions-legales\/","og_locale":"en_US","og_type":"article","og_title":"Mentions l\u00e9gales - Girls&#039; Cup - CHEV Handball Diekirch","og_description":"PROPRI\u00c9TAIRE DU SITE \/ R\u00c9DACTEUR EN CHEF CHEV Handball DiekirchBP106L-9202 Diekirch office@chev.lu WEBDESIGN SAN S.\u00e0r.l. \u2013 Agence de communication9, KapellestroossL-9780 WincrangeLuxembourg T\u00e9l.: +352\/ 28 11 42-1 www.san.lu VAT ID: LU23210683 PRODUCTION Digital Vision S.\u00e0r.l. \u2013 Services informatiquesAm Hock, 4L-9991 Weiswampach T\u00e9l.:\u00a0 +352 206 011 02 www.digitalvision.lu VAT ID: LU31296945 WEB HOSTING \/ DATACENTER HostPress GmbHBahnhofstr. [&hellip;]","og_url":"https:\/\/girlscup.chev.lu\/en\/mentions-legales\/","og_site_name":"Girls&#039; Cup - CHEV Handball Diekirch","article_modified_time":"2023-05-24T08:14:13+00:00","twitter_card":"summary_large_image","twitter_misc":{"Est. reading time":"6 minutes"},"schema":{"@context":"https:\/\/schema.org","@graph":[{"@type":"WebPage","@id":"https:\/\/girlscup.chev.lu\/en\/mentions-legales\/","url":"https:\/\/girlscup.chev.lu\/en\/mentions-legales\/","name":"Mentions l\u00e9gales - Girls&#039; Cup - CHEV Handball Diekirch","isPartOf":{"@id":"https:\/\/girlscup.chev.lu\/#website"},"primaryImageOfPage":{"@id":"https:\/\/girlscup.chev.lu\/en\/mentions-legales\/#primaryimage"},"image":{"@id":"https:\/\/girlscup.chev.lu\/en\/mentions-legales\/#primaryimage"},"thumbnailUrl":"","datePublished":"2021-06-04T12:00:59+00:00","dateModified":"2023-05-24T08:14:13+00:00","breadcrumb":{"@id":"https:\/\/girlscup.chev.lu\/en\/mentions-legales\/#breadcrumb"},"inLanguage":"en-US","potentialAction":[{"@type":"ReadAction","target":["https:\/\/girlscup.chev.lu\/en\/mentions-legales\/"]}]},{"@type":"ImageObject","inLanguage":"en-US","@id":"https:\/\/girlscup.chev.lu\/en\/mentions-legales\/#primaryimage","url":"","contentUrl":""},{"@type":"BreadcrumbList","@id":"https:\/\/girlscup.chev.lu\/en\/mentions-legales\/#breadcrumb","itemListElement":[{"@type":"ListItem","position":1,"name":"Home","item":"https:\/\/girlscup.chev.lu\/en\/"},{"@type":"ListItem","position":2,"name":"Mentions l\u00e9gales"}]},{"@type":"WebSite","@id":"https:\/\/girlscup.chev.lu\/#website","url":"https:\/\/girlscup.chev.lu\/","name":"Girls&#039; Cup - CHEV Handball Diekirch","description":"Just another WordPress site","potentialAction":[{"@type":"SearchAction","target":{"@type":"EntryPoint","urlTemplate":"https:\/\/girlscup.chev.lu\/?s={search_term_string}"},"query-input":"required name=search_term_string"}],"inLanguage":"en-US"}]}},"_links":{"self":[{"href":"https:\/\/girlscup.chev.lu\/en\/wp-json\/wp\/v2\/pages\/133"}],"collection":[{"href":"https:\/\/girlscup.chev.lu\/en\/wp-json\/wp\/v2\/pages"}],"about":[{"href":"https:\/\/girlscup.chev.lu\/en\/wp-json\/wp\/v2\/types\/page"}],"author":[{"embeddable":true,"href":"https:\/\/girlscup.chev.lu\/en\/wp-json\/wp\/v2\/users\/1"}],"replies":[{"embeddable":true,"href":"https:\/\/girlscup.chev.lu\/en\/wp-json\/wp\/v2\/comments?post=133"}],"version-history":[{"count":5,"href":"https:\/\/girlscup.chev.lu\/en\/wp-json\/wp\/v2\/pages\/133\/revisions"}],"predecessor-version":[{"id":112200,"href":"https:\/\/girlscup.chev.lu\/en\/wp-json\/wp\/v2\/pages\/133\/revisions\/112200"}],"wp:featuredmedia":[{"embeddable":true,"href":"https:\/\/girlscup.chev.lu\/en\/wp-json\/"}],"wp:attachment":[{"href":"https:\/\/girlscup.chev.lu\/en\/wp-json\/wp\/v2\/media?parent=133"}],"curies":[{"name":"wp","href":"https:\/\/api.w.org\/{rel}","templated":true}]}}