{"id":110037,"date":"2022-01-10T13:21:21","date_gmt":"2022-01-10T12:21:21","guid":{"rendered":"https:\/\/girlscup.chev.lu\/infos\/reglement\/"},"modified":"2025-09-05T17:08:40","modified_gmt":"2025-09-05T15:08:40","slug":"regelwerk","status":"publish","type":"page","link":"https:\/\/girlscup.chev.lu\/de\/infos\/regelwerk\/","title":{"rendered":"Regelwerk"},"content":{"rendered":"<p>1. Die 22. Ausgabe des Girls&#8216; Cup findet statt am Sonntag, 24. Mai sowie am Montag, dem 25. Mai 2026. Der genaue Zeitplan wird Ihnen zu gegebener Zeit mitgeteilt und kann auch auf unserer Internet-Seite <a href=\"https:\/\/girlscup.chev.lu\">girlscup.chev.lu<\/a> abgerufen werden.<\/p>\n<p>2. Das Turnier ist ausgerichtet f\u00fcr U16 M\u00e4dchen (Jahrg\u00e4nge 2010, 2011 und danach).<\/p>\n<p style=\"padding-left: 40px;\">a) Die 10 teilnehmenden Mannschaften werden aufgeteilt in 2 Gruppen von jeweils 5 Mannschaften in welcher jede Mannschaft gegen jede aus der eigenen Gruppe spielt.<br \/>\nb) Im kleinen Halbfinale spielen der Dritte aus Gruppe A gegen den Vierten aus Gruppe B, sowie der Dritte aus Gruppe B gegen den Vierten der Gruppe A.<br \/>\nc) Im Halbfinale spielen der Sieger aus Gruppe A gegen den Zweiten aus Gruppe B und der Sieger aus Gruppe B gegen den Zweiten aus Gruppe A.<br \/>\nd) Nach den Halbfinalspielen werden die Plazierungsspiele ausgetragen, wobei die beiden f\u00fcnft Platzierten der Gruppe A und B um die Pl\u00e4tze 9 und 10 spielen.<br \/>\ne) Beide Verlierer aus den kleinen Halbfinalspielen spielen um die Pl\u00e4tze 7 und 8,<br \/>\nf) und die Sieger aus den kleinen Halbfinalspielen spielen um die Pl\u00e4tze 5 und 6.<br \/>\ng) Die Verlierer aus den Halbfinalspielen spielen um die Pl\u00e4tze 3 und 4<br \/>\nh) und die beiden Sieger der Halbfinalspiele spielen im Finale gegeneinander.<\/p>\n<p>3. Gespielt wird mit einem Ball der Gr\u00f6\u00dfe 2! Nur Harz, das vom Veranstalter zur Verf\u00fcgung gestellt wird, ist erlaubt, aber keine Harzdepots.<\/p>\n<p>4. Die Spieldauer aller Spiele au\u00dfer dem Finale betr\u00e4gt 1 x 20 Minuten ohne Pause (ohne Auszeit). Das Finale wird auf 2 x 15 Minuten mit einer Pause von 5 Minuten ausgetragen. Eine Auszeit pro Mannschaft wird im Finale gestattet.<\/p>\n<p>5. Die Spieluhr wird nur angehalten im Falle einer Verletzung, 2-Minuten Zeitstrafe oder roten Karte.<\/p>\n<p>6. Muss eine Spielerin auf dem Spielfeld behandelt werden ohne Strafe des Gegen-spielerin, so muss diese f\u00e8r die Dauer von 2 Angriffen vom Spielfeld.<\/p>\n<p>7. Alle Spiele werden geleitet von Schiedsrichtern des luxemburgischen Handball-verbandes (FLH) in Anwesenheit eines Delegierten.<\/p>\n<p>8. Die Tabelle wird folgenderma\u00dfen erstellt:<\/p>\n<p style=\"padding-left: 40px;\">=&gt; 2 Punkte f\u00fcr ein gewonnenes Spiel<br \/>\n=&gt; 1 Punkt bei Unentschieden<br \/>\n=&gt; 0 Punkte f\u00fcr eine Niederlage<\/p>\n<p style=\"padding-left: 40px;\">Sind am Ende der Qualifikationsrunde zwei oder mehrere Mannschaften punktgleich, wird der Turniersieger wie folgt ermittelt:<\/p>\n<p style=\"padding-left: 80px;\">a) Tordifferenz zwischen punktgleichen Mannschaften<br \/>\nb) Anzahl der geworfenen Tore zwischen den punktgleichen Mannschaften<br \/>\nc) Allgemeine Tordifferenz<br \/>\nd) Gesamtzahl der geworfenen Tore<br \/>\ne) Losentscheid im Beisein von den betroffenen Mannschaften und eines Mitglieds vom Organisationskomitee.<\/p>\n<p>9. Im Falle eines Unentschieden bei einem Endspiel (Halbfinalspiele und Platzierungsspiele (1-10) wird die Entscheidung sofort, ohne Verl\u00e4ngerung, im Siebenmeterwerfen gef\u00e4llt.<\/p>\n<p style=\"padding-left: 40px;\">a) Jede Mannschaft nominiert 5 Spielerinnen f\u00fcr das 7m-Werfen.<br \/>\nb) Die erste Serie wird geworfen von den 5 ausgew\u00e4hlten Spielerinnen.<br \/>\nc) Steht es immer noch unentschieden, wirft jede Mannschaft einen Siebenmeter (selbe Reihenfolge wie unter a) bis zur Entscheidung.<\/p>\n<p>10. Das Turnier wird entsprechend dem Regelwerk der FLH und der EHF bestritten.<\/p>\n<p>11. Die Mannschaften m\u00fcssen 5 Minuten vor Anpfiff am Zeitnehmertisch vorstellig werden.<\/p>\n<p>12. Vor dem Turnier m\u00fcssen sich alle Spielerinnen anhand eines Spielerpasses oder einer Ausweiskarte ausweisen k\u00f6nnen.<\/p>\n<p>13. Bei jedem Spiel d\u00fcrfen maximal 16 Spielerinnen im Spielbericht eingetragen sein.<\/p>\n<p>14. Am Ende des Turniers werden die beste Spielerin sowie die beste Torfrau von den anwesenden Trainern ermittelt.<\/p>\n<p>15. Der Organisator kann nicht zur Verantwortung gezogen werden bei etwaigen Diebst\u00e4hlen sowie Unf\u00e4llen vor, w\u00e4hrend oder nach dem Turnier.<\/p>\n<p>16. Alle Probleme die w\u00e4hrend dem Turnier auftauchen und nicht im Regelwerk aufgef\u00fchrt sind, werden vom Organisationskomitee gel\u00f6st.<\/p>\n<p>17. Jeder teilnehmende Verein verpflichtet sich dieses Regelwerk zu respektieren.<\/p>\n<p>&nbsp;<\/p>\n<p style=\"text-align: left; padding-left: 80px;\">Das Organisationskomitee<\/p>\n","protected":false},"excerpt":{"rendered":"<p>1. Die 22. Ausgabe des Girls&#8216; Cup findet statt am Sonntag, 24. Mai sowie am Montag, dem 25. Mai 2026. Der genaue Zeitplan wird Ihnen zu gegebener Zeit mitgeteilt und kann auch auf unserer Internet-Seite girlscup.chev.lu abgerufen werden. 2. Das Turnier ist ausgerichtet f\u00fcr U16 M\u00e4dchen (Jahrg\u00e4nge 2010, 2011 und danach). a) Die 10 teilnehmenden [&hellip;]<\/p>\n","protected":false},"author":1,"featured_media":113755,"parent":110036,"menu_order":0,"comment_status":"closed","ping_status":"closed","template":"page-simple-content.php","meta":{"footnotes":""},"acf":[],"yoast_head":"<!-- This site is optimized with the Yoast SEO plugin v22.6 - https:\/\/yoast.com\/wordpress\/plugins\/seo\/ -->\n<title>Regelwerk - Girls&#039; Cup - CHEV Handball Diekirch<\/title>\n<meta name=\"robots\" content=\"index, follow, max-snippet:-1, max-image-preview:large, max-video-preview:-1\" \/>\n<link rel=\"canonical\" href=\"https:\/\/girlscup.chev.lu\/de\/infos\/regelwerk\/\" \/>\n<meta property=\"og:locale\" content=\"de_DE\" \/>\n<meta property=\"og:type\" content=\"article\" \/>\n<meta property=\"og:title\" content=\"Regelwerk - Girls&#039; Cup - CHEV Handball Diekirch\" \/>\n<meta property=\"og:description\" content=\"1. Die 22. Ausgabe des Girls&#8216; Cup findet statt am Sonntag, 24. Mai sowie am Montag, dem 25. Mai 2026. Der genaue Zeitplan wird Ihnen zu gegebener Zeit mitgeteilt und kann auch auf unserer Internet-Seite girlscup.chev.lu abgerufen werden. 2. Das Turnier ist ausgerichtet f\u00fcr U16 M\u00e4dchen (Jahrg\u00e4nge 2010, 2011 und danach). a) Die 10 teilnehmenden [&hellip;]\" \/>\n<meta property=\"og:url\" content=\"https:\/\/girlscup.chev.lu\/de\/infos\/regelwerk\/\" \/>\n<meta property=\"og:site_name\" content=\"Girls&#039; Cup - CHEV Handball Diekirch\" \/>\n<meta property=\"article:modified_time\" content=\"2025-09-05T15:08:40+00:00\" \/>\n<meta property=\"og:image\" content=\"https:\/\/girlscup.chev.lu\/wp-content\/uploads\/2024\/05\/05_GC_REGLEMENT-e1716993693990.jpg\" \/>\n\t<meta property=\"og:image:width\" content=\"1920\" \/>\n\t<meta property=\"og:image:height\" content=\"1280\" \/>\n\t<meta property=\"og:image:type\" content=\"image\/jpeg\" \/>\n<meta name=\"twitter:card\" content=\"summary_large_image\" \/>\n<meta name=\"twitter:label1\" content=\"Gesch\u00e4tzte Lesezeit\" \/>\n\t<meta name=\"twitter:data1\" content=\"4\u00a0Minuten\" \/>\n<script type=\"application\/ld+json\" class=\"yoast-schema-graph\">{\"@context\":\"https:\/\/schema.org\",\"@graph\":[{\"@type\":\"WebPage\",\"@id\":\"https:\/\/girlscup.chev.lu\/de\/infos\/regelwerk\/\",\"url\":\"https:\/\/girlscup.chev.lu\/de\/infos\/regelwerk\/\",\"name\":\"Regelwerk - Girls&#039; Cup - CHEV Handball Diekirch\",\"isPartOf\":{\"@id\":\"https:\/\/girlscup.chev.lu\/#website\"},\"primaryImageOfPage\":{\"@id\":\"https:\/\/girlscup.chev.lu\/de\/infos\/regelwerk\/#primaryimage\"},\"image\":{\"@id\":\"https:\/\/girlscup.chev.lu\/de\/infos\/regelwerk\/#primaryimage\"},\"thumbnailUrl\":\"https:\/\/girlscup.chev.lu\/wp-content\/uploads\/2025\/09\/05_IMA_GC_2025_REGLEMENT-e1757613154910.jpg\",\"datePublished\":\"2022-01-10T12:21:21+00:00\",\"dateModified\":\"2025-09-05T15:08:40+00:00\",\"breadcrumb\":{\"@id\":\"https:\/\/girlscup.chev.lu\/de\/infos\/regelwerk\/#breadcrumb\"},\"inLanguage\":\"de\",\"potentialAction\":[{\"@type\":\"ReadAction\",\"target\":[\"https:\/\/girlscup.chev.lu\/de\/infos\/regelwerk\/\"]}]},{\"@type\":\"ImageObject\",\"inLanguage\":\"de\",\"@id\":\"https:\/\/girlscup.chev.lu\/de\/infos\/regelwerk\/#primaryimage\",\"url\":\"https:\/\/girlscup.chev.lu\/wp-content\/uploads\/2025\/09\/05_IMA_GC_2025_REGLEMENT-e1757613154910.jpg\",\"contentUrl\":\"https:\/\/girlscup.chev.lu\/wp-content\/uploads\/2025\/09\/05_IMA_GC_2025_REGLEMENT-e1757613154910.jpg\",\"width\":1280,\"height\":853},{\"@type\":\"BreadcrumbList\",\"@id\":\"https:\/\/girlscup.chev.lu\/de\/infos\/regelwerk\/#breadcrumb\",\"itemListElement\":[{\"@type\":\"ListItem\",\"position\":1,\"name\":\"Home\",\"item\":\"https:\/\/girlscup.chev.lu\/de\/\"},{\"@type\":\"ListItem\",\"position\":2,\"name\":\"Infos\",\"item\":\"https:\/\/girlscup.chev.lu\/de\/infos\/\"},{\"@type\":\"ListItem\",\"position\":3,\"name\":\"Regelwerk\"}]},{\"@type\":\"WebSite\",\"@id\":\"https:\/\/girlscup.chev.lu\/#website\",\"url\":\"https:\/\/girlscup.chev.lu\/\",\"name\":\"Girls&#039; Cup - CHEV Handball Diekirch\",\"description\":\"Just another WordPress site\",\"potentialAction\":[{\"@type\":\"SearchAction\",\"target\":{\"@type\":\"EntryPoint\",\"urlTemplate\":\"https:\/\/girlscup.chev.lu\/?s={search_term_string}\"},\"query-input\":\"required name=search_term_string\"}],\"inLanguage\":\"de\"}]}<\/script>\n<!-- \/ Yoast SEO plugin. -->","yoast_head_json":{"title":"Regelwerk - Girls&#039; Cup - CHEV Handball Diekirch","robots":{"index":"index","follow":"follow","max-snippet":"max-snippet:-1","max-image-preview":"max-image-preview:large","max-video-preview":"max-video-preview:-1"},"canonical":"https:\/\/girlscup.chev.lu\/de\/infos\/regelwerk\/","og_locale":"de_DE","og_type":"article","og_title":"Regelwerk - Girls&#039; Cup - CHEV Handball Diekirch","og_description":"1. Die 22. Ausgabe des Girls&#8216; Cup findet statt am Sonntag, 24. Mai sowie am Montag, dem 25. Mai 2026. Der genaue Zeitplan wird Ihnen zu gegebener Zeit mitgeteilt und kann auch auf unserer Internet-Seite girlscup.chev.lu abgerufen werden. 2. Das Turnier ist ausgerichtet f\u00fcr U16 M\u00e4dchen (Jahrg\u00e4nge 2010, 2011 und danach). a) Die 10 teilnehmenden [&hellip;]","og_url":"https:\/\/girlscup.chev.lu\/de\/infos\/regelwerk\/","og_site_name":"Girls&#039; Cup - CHEV Handball Diekirch","article_modified_time":"2025-09-05T15:08:40+00:00","og_image":[{"width":1920,"height":1280,"url":"https:\/\/girlscup.chev.lu\/wp-content\/uploads\/2024\/05\/05_GC_REGLEMENT-e1716993693990.jpg","type":"image\/jpeg"}],"twitter_card":"summary_large_image","twitter_misc":{"Gesch\u00e4tzte Lesezeit":"4\u00a0Minuten"},"schema":{"@context":"https:\/\/schema.org","@graph":[{"@type":"WebPage","@id":"https:\/\/girlscup.chev.lu\/de\/infos\/regelwerk\/","url":"https:\/\/girlscup.chev.lu\/de\/infos\/regelwerk\/","name":"Regelwerk - Girls&#039; Cup - CHEV Handball Diekirch","isPartOf":{"@id":"https:\/\/girlscup.chev.lu\/#website"},"primaryImageOfPage":{"@id":"https:\/\/girlscup.chev.lu\/de\/infos\/regelwerk\/#primaryimage"},"image":{"@id":"https:\/\/girlscup.chev.lu\/de\/infos\/regelwerk\/#primaryimage"},"thumbnailUrl":"https:\/\/girlscup.chev.lu\/wp-content\/uploads\/2025\/09\/05_IMA_GC_2025_REGLEMENT-e1757613154910.jpg","datePublished":"2022-01-10T12:21:21+00:00","dateModified":"2025-09-05T15:08:40+00:00","breadcrumb":{"@id":"https:\/\/girlscup.chev.lu\/de\/infos\/regelwerk\/#breadcrumb"},"inLanguage":"de","potentialAction":[{"@type":"ReadAction","target":["https:\/\/girlscup.chev.lu\/de\/infos\/regelwerk\/"]}]},{"@type":"ImageObject","inLanguage":"de","@id":"https:\/\/girlscup.chev.lu\/de\/infos\/regelwerk\/#primaryimage","url":"https:\/\/girlscup.chev.lu\/wp-content\/uploads\/2025\/09\/05_IMA_GC_2025_REGLEMENT-e1757613154910.jpg","contentUrl":"https:\/\/girlscup.chev.lu\/wp-content\/uploads\/2025\/09\/05_IMA_GC_2025_REGLEMENT-e1757613154910.jpg","width":1280,"height":853},{"@type":"BreadcrumbList","@id":"https:\/\/girlscup.chev.lu\/de\/infos\/regelwerk\/#breadcrumb","itemListElement":[{"@type":"ListItem","position":1,"name":"Home","item":"https:\/\/girlscup.chev.lu\/de\/"},{"@type":"ListItem","position":2,"name":"Infos","item":"https:\/\/girlscup.chev.lu\/de\/infos\/"},{"@type":"ListItem","position":3,"name":"Regelwerk"}]},{"@type":"WebSite","@id":"https:\/\/girlscup.chev.lu\/#website","url":"https:\/\/girlscup.chev.lu\/","name":"Girls&#039; Cup - CHEV Handball Diekirch","description":"Just another WordPress site","potentialAction":[{"@type":"SearchAction","target":{"@type":"EntryPoint","urlTemplate":"https:\/\/girlscup.chev.lu\/?s={search_term_string}"},"query-input":"required name=search_term_string"}],"inLanguage":"de"}]}},"_links":{"self":[{"href":"https:\/\/girlscup.chev.lu\/de\/wp-json\/wp\/v2\/pages\/110037"}],"collection":[{"href":"https:\/\/girlscup.chev.lu\/de\/wp-json\/wp\/v2\/pages"}],"about":[{"href":"https:\/\/girlscup.chev.lu\/de\/wp-json\/wp\/v2\/types\/page"}],"author":[{"embeddable":true,"href":"https:\/\/girlscup.chev.lu\/de\/wp-json\/wp\/v2\/users\/1"}],"replies":[{"embeddable":true,"href":"https:\/\/girlscup.chev.lu\/de\/wp-json\/wp\/v2\/comments?post=110037"}],"version-history":[{"count":23,"href":"https:\/\/girlscup.chev.lu\/de\/wp-json\/wp\/v2\/pages\/110037\/revisions"}],"predecessor-version":[{"id":113731,"href":"https:\/\/girlscup.chev.lu\/de\/wp-json\/wp\/v2\/pages\/110037\/revisions\/113731"}],"up":[{"embeddable":true,"href":"https:\/\/girlscup.chev.lu\/de\/wp-json\/wp\/v2\/pages\/110036"}],"wp:featuredmedia":[{"embeddable":true,"href":"https:\/\/girlscup.chev.lu\/de\/wp-json\/wp\/v2\/media\/113755"}],"wp:attachment":[{"href":"https:\/\/girlscup.chev.lu\/de\/wp-json\/wp\/v2\/media?parent=110037"}],"curies":[{"name":"wp","href":"https:\/\/api.w.org\/{rel}","templated":true}]}}